{"id":19,"date":"2018-06-08T12:32:54","date_gmt":"2018-06-08T10:32:54","guid":{"rendered":"http:\/\/omegatax.pl\/?page_id=19"},"modified":"2018-11-15T12:09:47","modified_gmt":"2018-11-15T11:09:47","slug":"strona-glowna","status":"publish","type":"page","link":"https:\/\/omegatax.pl\/","title":{"rendered":"Strona g\u0142\u00f3wna"},"content":{"rendered":"<div class=\"col-md-5\">\n<h3>O firmie<\/h3>\n<p>Znak\u00a0\u03a9 pochodzi z alfabetu greckiego. W dawnym greckim systemie liczbowym oznacza\u0142 liczb\u0119 800. Symbolika znaku wywodzi si\u0119 g\u0142\u00f3wnie z jego pozycji w alfabecie &#8211; jest to dwudziesta czwarta, a zarazem ostatnia litera wsp\u00f3\u0142czesnego alfabetu greckiego.\u00a0Nazwa naszego biura nawi\u0105zuje do misji firmy: zapewnienie kompleksowej, &#8220;ostatecznej&#8221; obs\u0142ugi rachunkowej dla naszych klient\u00f3w.<\/p><\/div>\n<div class=\"col-md-6 col-md-offset-1\"><\/div>\n<div><img decoding=\"async\" loading=\"lazy\" src=\"http:\/\/omegatax.pl\/wp-content\/uploads\/2018\/07\/omega-300x300.png\" alt=\"\" width=\"300\" height=\"300\" class=\"alignright wp-image-35 size-medium\" srcset=\"https:\/\/omegatax.pl\/wp-content\/uploads\/2018\/07\/omega-300x300.png 300w, https:\/\/omegatax.pl\/wp-content\/uploads\/2018\/07\/omega-150x150.png 150w, https:\/\/omegatax.pl\/wp-content\/uploads\/2018\/07\/omega.png 500w\" sizes=\"(max-width: 300px) 100vw, 300px\" \/><\/div>\n","protected":false},"excerpt":{"rendered":"<p>O firmie Znak\u00a0\u03a9 pochodzi z alfabetu greckiego. W dawnym greckim systemie liczbowym oznacza\u0142 liczb\u0119 800. Symbolika znaku wywodzi si\u0119 g\u0142\u00f3wnie z jego pozycji w alfabecie &#8211; jest to dwudziesta czwarta, a zarazem ostatnia litera wsp\u00f3\u0142czesnego alfabetu greckiego.\u00a0Nazwa naszego biura nawi\u0105zuje do misji firmy: zapewnienie kompleksowej, &#8220;ostatecznej&#8221; obs\u0142ugi rachunkowej dla naszych [&hellip;]<\/p>\n","protected":false},"author":1,"featured_media":43,"parent":0,"menu_order":0,"comment_status":"closed","ping_status":"closed","template":"","meta":[],"_links":{"self":[{"href":"https:\/\/omegatax.pl\/index.php?rest_route=\/wp\/v2\/pages\/19"}],"collection":[{"href":"https:\/\/omegatax.pl\/index.php?rest_route=\/wp\/v2\/pages"}],"about":[{"href":"https:\/\/omegatax.pl\/index.php?rest_route=\/wp\/v2\/types\/page"}],"author":[{"embeddable":true,"href":"https:\/\/omegatax.pl\/index.php?rest_route=\/wp\/v2\/users\/1"}],"replies":[{"embeddable":true,"href":"https:\/\/omegatax.pl\/index.php?rest_route=%2Fwp%2Fv2%2Fcomments&post=19"}],"version-history":[{"count":8,"href":"https:\/\/omegatax.pl\/index.php?rest_route=\/wp\/v2\/pages\/19\/revisions"}],"predecessor-version":[{"id":55,"href":"https:\/\/omegatax.pl\/index.php?rest_route=\/wp\/v2\/pages\/19\/revisions\/55"}],"wp:featuredmedia":[{"embeddable":true,"href":"https:\/\/omegatax.pl\/index.php?rest_route=\/wp\/v2\/media\/43"}],"wp:attachment":[{"href":"https:\/\/omegatax.pl\/index.php?rest_route=%2Fwp%2Fv2%2Fmedia&parent=19"}],"curies":[{"name":"wp","href":"https:\/\/api.w.org\/{rel}","templated":true}]}}